{"id":596,"date":"2025-02-13T23:00:19","date_gmt":"2025-02-13T23:00:19","guid":{"rendered":"https:\/\/illusionshowincorporated.com\/?page_id=596"},"modified":"2025-02-14T01:02:53","modified_gmt":"2025-02-14T01:02:53","slug":"about-us","status":"publish","type":"page","link":"https:\/\/illusionshowincorporated.com\/?page_id=596","title":{"rendered":"About Us"},"content":{"rendered":"\t\t<div data-elementor-type=\"wp-page\" data-elementor-id=\"596\" class=\"elementor elementor-596\" data-elementor-settings=\"{&quot;element_pack_global_tooltip_width&quot;:{&quot;unit&quot;:&quot;px&quot;,&quot;size&quot;:&quot;&quot;,&quot;sizes&quot;:[]},&quot;element_pack_global_tooltip_width_tablet&quot;:{&quot;unit&quot;:&quot;px&quot;,&quot;size&quot;:&quot;&quot;,&quot;sizes&quot;:[]},&quot;element_pack_global_tooltip_width_mobile&quot;:{&quot;unit&quot;:&quot;px&quot;,&quot;size&quot;:&quot;&quot;,&quot;sizes&quot;:[]},&quot;element_pack_global_tooltip_padding&quot;:{&quot;unit&quot;:&quot;px&quot;,&quot;top&quot;:&quot;&quot;,&quot;right&quot;:&quot;&quot;,&quot;bottom&quot;:&quot;&quot;,&quot;left&quot;:&quot;&quot;,&quot;isLinked&quot;:true},&quot;element_pack_global_tooltip_padding_tablet&quot;:{&quot;unit&quot;:&quot;px&quot;,&quot;top&quot;:&quot;&quot;,&quot;right&quot;:&quot;&quot;,&quot;bottom&quot;:&quot;&quot;,&quot;left&quot;:&quot;&quot;,&quot;isLinked&quot;:true},&quot;element_pack_global_tooltip_padding_mobile&quot;:{&quot;unit&quot;:&quot;px&quot;,&quot;top&quot;:&quot;&quot;,&quot;right&quot;:&quot;&quot;,&quot;bottom&quot;:&quot;&quot;,&quot;left&quot;:&quot;&quot;,&quot;isLinked&quot;:true},&quot;element_pack_global_tooltip_border_radius&quot;:{&quot;unit&quot;:&quot;px&quot;,&quot;top&quot;:&quot;&quot;,&quot;right&quot;:&quot;&quot;,&quot;bottom&quot;:&quot;&quot;,&quot;left&quot;:&quot;&quot;,&quot;isLinked&quot;:true},&quot;element_pack_global_tooltip_border_radius_tablet&quot;:{&quot;unit&quot;:&quot;px&quot;,&quot;top&quot;:&quot;&quot;,&quot;right&quot;:&quot;&quot;,&quot;bottom&quot;:&quot;&quot;,&quot;left&quot;:&quot;&quot;,&quot;isLinked&quot;:true},&quot;element_pack_global_tooltip_border_radius_mobile&quot;:{&quot;unit&quot;:&quot;px&quot;,&quot;top&quot;:&quot;&quot;,&quot;right&quot;:&quot;&quot;,&quot;bottom&quot;:&quot;&quot;,&quot;left&quot;:&quot;&quot;,&quot;isLinked&quot;:true}}\" data-elementor-post-type=\"page\">\n\t\t\t\t\t\t<section class=\"elementor-section elementor-top-section elementor-element elementor-element-d79b467 elementor-section-height-min-height elementor-section-boxed elementor-section-height-default elementor-section-items-middle\" data-id=\"d79b467\" data-element_type=\"section\" data-settings=\"{&quot;background_background&quot;:&quot;classic&quot;}\">\n\t\t\t\t\t\t\t<div class=\"elementor-background-overlay\"><\/div>\n\t\t\t\t\t\t\t<div class=\"elementor-container elementor-column-gap-default\">\n\t\t\t\t\t<div class=\"elementor-column elementor-col-100 elementor-top-column elementor-element elementor-element-514070d\" data-id=\"514070d\" data-element_type=\"column\">\n\t\t\t<div class=\"elementor-widget-wrap elementor-element-populated\">\n\t\t\t\t\t\t<div class=\"elementor-element elementor-element-e1f672c elementor-widget elementor-widget-heading\" data-id=\"e1f672c\" data-element_type=\"widget\" data-widget_type=\"heading.default\">\n\t\t\t\t<div class=\"elementor-widget-container\">\n\t\t\t\t\t<h2 class=\"elementor-heading-title elementor-size-default\">About Us<\/h2>\t\t\t\t<\/div>\n\t\t\t\t<\/div>\n\t\t\t\t<div class=\"elementor-element elementor-element-5538e5c elementor-widget elementor-widget-bdt-breadcrumbs\" data-id=\"5538e5c\" data-element_type=\"widget\" data-widget_type=\"bdt-breadcrumbs.default\">\n\t\t\t\t<div class=\"elementor-widget-container\">\n\t\t\t\t\t<div class='bdt-ep-breadcrumbs-wrapper'><ul class=\"bdt-ep-breadcrumb  breadcrumb-align-center \"><li><a href=\"https:\/\/illusionshowincorporated.com\/\">Illusion Show Incorporated<\/a><\/li>\n<li><span> About Us<\/span><\/li>\n<\/ul><\/div>\t\t\t\t<\/div>\n\t\t\t\t<\/div>\n\t\t\t\t\t<\/div>\n\t\t<\/div>\n\t\t\t\t\t<\/div>\n\t\t<\/section>\n\t\t\t\t<section class=\"elementor-section elementor-top-section elementor-element elementor-element-7f8efc1 elementor-section-boxed elementor-section-height-default elementor-section-height-default\" data-id=\"7f8efc1\" data-element_type=\"section\">\n\t\t\t\t\t\t<div class=\"elementor-container elementor-column-gap-default\">\n\t\t\t\t\t<div class=\"elementor-column elementor-col-100 elementor-top-column elementor-element elementor-element-66de761\" data-id=\"66de761\" data-element_type=\"column\">\n\t\t\t<div class=\"elementor-widget-wrap elementor-element-populated\">\n\t\t\t\t\t\t<div class=\"elementor-element elementor-element-76d48e5 elementor-widget elementor-widget-heading\" data-id=\"76d48e5\" data-element_type=\"widget\" data-widget_type=\"heading.default\">\n\t\t\t\t<div class=\"elementor-widget-container\">\n\t\t\t\t\t<h2 class=\"elementor-heading-title elementor-size-default\">OBJETIVO <\/h2>\t\t\t\t<\/div>\n\t\t\t\t<\/div>\n\t\t\t\t<div class=\"elementor-element elementor-element-7f25d87 elementor-widget elementor-widget-text-editor\" data-id=\"7f25d87\" data-element_type=\"widget\" data-widget_type=\"text-editor.default\">\n\t\t\t\t<div class=\"elementor-widget-container\">\n\t\t\t\t\t\t\t\t\tConseguir la m\u00e1xima satisfacci\u00f3n de nuestros clientes.\t\t\t\t\t\t\t\t<\/div>\n\t\t\t\t<\/div>\n\t\t\t\t<section class=\"elementor-section elementor-inner-section elementor-element elementor-element-c50cde6 elementor-section-boxed elementor-section-height-default elementor-section-height-default\" data-id=\"c50cde6\" data-element_type=\"section\">\n\t\t\t\t\t\t<div class=\"elementor-container elementor-column-gap-default\">\n\t\t\t\t\t<div class=\"elementor-column elementor-col-50 elementor-inner-column elementor-element elementor-element-337aea6\" data-id=\"337aea6\" data-element_type=\"column\">\n\t\t\t<div class=\"elementor-widget-wrap elementor-element-populated\">\n\t\t\t\t\t\t<div class=\"elementor-element elementor-element-6836404 elementor-position-top elementor-widget elementor-widget-image-box\" data-id=\"6836404\" data-element_type=\"widget\" data-widget_type=\"image-box.default\">\n\t\t\t\t<div class=\"elementor-widget-container\">\n\t\t\t\t\t<div class=\"elementor-image-box-wrapper\"><figure class=\"elementor-image-box-img\"><img decoding=\"async\" width=\"128\" height=\"128\" src=\"https:\/\/illusionshowincorporated.com\/wp-content\/uploads\/2025\/02\/mission-1-1.png\" class=\"attachment-full size-full wp-image-611\" alt=\"\" \/><\/figure><div class=\"elementor-image-box-content\"><h3 class=\"elementor-image-box-title\">Mission<\/h3><p class=\"elementor-image-box-description\">Brindar a nuestros clientes un evento \u00fanico e inolvidable, \n                adaptado a sus necesidades en base \n            a nuestra experiencia y trabajo en equipo,\n<\/p><\/div><\/div>\t\t\t\t<\/div>\n\t\t\t\t<\/div>\n\t\t\t\t\t<\/div>\n\t\t<\/div>\n\t\t\t\t<div class=\"elementor-column elementor-col-50 elementor-inner-column elementor-element elementor-element-6e14843\" data-id=\"6e14843\" data-element_type=\"column\">\n\t\t\t<div class=\"elementor-widget-wrap elementor-element-populated\">\n\t\t\t\t\t\t<div class=\"elementor-element elementor-element-b509a52 elementor-position-top elementor-widget elementor-widget-image-box\" data-id=\"b509a52\" data-element_type=\"widget\" data-widget_type=\"image-box.default\">\n\t\t\t\t<div class=\"elementor-widget-container\">\n\t\t\t\t\t<div class=\"elementor-image-box-wrapper\"><figure class=\"elementor-image-box-img\"><img decoding=\"async\" width=\"128\" height=\"128\" src=\"https:\/\/illusionshowincorporated.com\/wp-content\/uploads\/2025\/02\/vision-1.png\" class=\"attachment-full size-full wp-image-610\" alt=\"\" \/><\/figure><div class=\"elementor-image-box-content\"><h3 class=\"elementor-image-box-title\">Vision<\/h3><p class=\"elementor-image-box-description\">Ser una empresa l\u00edder, moderna y eficiente, capas de complacer \na la perfecci\u00f3n las necesidades de nuestra clientela.\n<\/p><\/div><\/div>\t\t\t\t<\/div>\n\t\t\t\t<\/div>\n\t\t\t\t\t<\/div>\n\t\t<\/div>\n\t\t\t\t\t<\/div>\n\t\t<\/section>\n\t\t\t\t\t<\/div>\n\t\t<\/div>\n\t\t\t\t\t<\/div>\n\t\t<\/section>\n\t\t\t\t<section class=\"elementor-section elementor-top-section elementor-element elementor-element-7ec1ae8 elementor-section-boxed elementor-section-height-default elementor-section-height-default\" data-id=\"7ec1ae8\" data-element_type=\"section\">\n\t\t\t\t\t\t<div class=\"elementor-container elementor-column-gap-default\">\n\t\t\t\t\t<div class=\"elementor-column elementor-col-100 elementor-top-column elementor-element elementor-element-a6f5838\" data-id=\"a6f5838\" data-element_type=\"column\">\n\t\t\t<div class=\"elementor-widget-wrap elementor-element-populated\">\n\t\t\t\t\t\t<div class=\"elementor-element elementor-element-095bb3a elementor-widget elementor-widget-heading\" data-id=\"095bb3a\" data-element_type=\"widget\" data-widget_type=\"heading.default\">\n\t\t\t\t<div class=\"elementor-widget-container\">\n\t\t\t\t\t<h2 class=\"elementor-heading-title elementor-size-default\">VALORES<\/h2>\t\t\t\t<\/div>\n\t\t\t\t<\/div>\n\t\t\t\t<div class=\"elementor-element elementor-element-31c6640 elementor-widget elementor-widget-bdt-honeycombs\" data-id=\"31c6640\" data-element_type=\"widget\" data-widget_type=\"bdt-honeycombs.default\">\n\t\t\t\t<div class=\"elementor-widget-container\">\n\t\t\t\t\t\n\n        <div class=\"bdt-honeycombs-area\"  bdt-grid bdt-scrollspy=\"cls: bdt-animation-scale-up; target: .bdt-comb-inner-wrapper; delay: 300;\" >\n\n            <div data-settings=\"{&quot;id&quot;:&quot;31c6640&quot;,&quot;width&quot;:250,&quot;width_tablet&quot;:250,&quot;width_mobile&quot;:250,&quot;viewport_lg&quot;:1023,&quot;viewport_md&quot;:767}\" class=\"bdt-honeycombs honeycomb-style-zigzag    \">\n\n                \n                                        <a href=\"javascript:void(0);\" target=\"_self\" class=\"bdt-comb elementor-repeater-item-7b1f0e0\">\n                        <div class=\"bdt-front-content\">\n                            \n                                                            <h3 class=\"bdt-title\">\n                                    Innovaci\u00f3n                                <\/h3>\n                                                    <\/div>\n                        <div class=\"bdt-back-content\">\n                                                            <div class=\"bdt-content\">\n                                    <p>Crear tendencias en nuestro sector<\/p>                                <\/div>\n                                                    <\/div>\n                    <\/a>\n\n                \n                                        <a href=\"javascript:void(0);\" target=\"_self\" class=\"bdt-comb elementor-repeater-item-5f1faba\">\n                        <div class=\"bdt-front-content\">\n                            \n                                                            <h3 class=\"bdt-title\">\n                                    Proactividad                                <\/h3>\n                                                    <\/div>\n                        <div class=\"bdt-back-content\">\n                                                            <div class=\"bdt-content\">\n                                    <p>Nos anticipamos a las necesidades de nuestros clientes<\/p>                                <\/div>\n                                                    <\/div>\n                    <\/a>\n\n                \n                                        <a href=\"javascript:void(0);\" target=\"_self\" class=\"bdt-comb elementor-repeater-item-f02f4b7\">\n                        <div class=\"bdt-front-content\">\n                            \n                                                            <h3 class=\"bdt-title\">\n                                    Responsabilidad                                <\/h3>\n                                                    <\/div>\n                        <div class=\"bdt-back-content\">\n                                                            <div class=\"bdt-content\">\n                                    <p>Puntualidad honestidad y transparencia<\/p>                                <\/div>\n                                                    <\/div>\n                    <\/a>\n\n                \n            <\/div>\n\n\n        <\/div>\n\n\n\t\t\t\t<\/div>\n\t\t\t\t<\/div>\n\t\t\t\t<div class=\"elementor-element elementor-element-376cda6 elementor-widget elementor-widget-bdt-honeycombs\" data-id=\"376cda6\" data-element_type=\"widget\" data-widget_type=\"bdt-honeycombs.default\">\n\t\t\t\t<div class=\"elementor-widget-container\">\n\t\t\t\t\t\n\n        <div class=\"bdt-honeycombs-area\"  bdt-grid bdt-scrollspy=\"cls: bdt-animation-scale-up; target: .bdt-comb-inner-wrapper; delay: 300;\" >\n\n            <div data-settings=\"{&quot;id&quot;:&quot;376cda6&quot;,&quot;width&quot;:250,&quot;width_tablet&quot;:250,&quot;width_mobile&quot;:250,&quot;viewport_lg&quot;:1023,&quot;viewport_md&quot;:767}\" class=\"bdt-honeycombs honeycomb-style-zigzag    \">\n\n                \n                                        <a href=\"javascript:void(0);\" target=\"_self\" class=\"bdt-comb elementor-repeater-item-7b1f0e0\">\n                        <div class=\"bdt-front-content\">\n                            \n                                                            <h3 class=\"bdt-title\">\n                                    Empat\u00eda                                <\/h3>\n                                                    <\/div>\n                        <div class=\"bdt-back-content\">\n                                                            <div class=\"bdt-content\">\n                                    <p>Esforzamos por conocer y entender las necesidades de nuestros clientes.<\/p>                                <\/div>\n                                                    <\/div>\n                    <\/a>\n\n                \n                                        <a href=\"javascript:void(0);\" target=\"_self\" class=\"bdt-comb elementor-repeater-item-5f1faba\">\n                        <div class=\"bdt-front-content\">\n                            \n                                                            <h3 class=\"bdt-title\">\n                                    Compromiso                                <\/h3>\n                                                    <\/div>\n                        <div class=\"bdt-back-content\">\n                                                            <div class=\"bdt-content\">\n                                    <p>Prepararnos para alcanzar la excelencia<\/p>                                <\/div>\n                                                    <\/div>\n                    <\/a>\n\n                \n                                        <a href=\"javascript:void(0);\" target=\"_self\" class=\"bdt-comb elementor-repeater-item-f02f4b7\">\n                        <div class=\"bdt-front-content\">\n                            \n                                                            <h3 class=\"bdt-title\">\n                                    Alegr\u00eda                                <\/h3>\n                                                    <\/div>\n                        <div class=\"bdt-back-content\">\n                                                            <div class=\"bdt-content\">\n                                    <p>Dise\u00f1ando actividades que conecten con nuestro publico<\/p>                                <\/div>\n                                                    <\/div>\n                    <\/a>\n\n                \n            <\/div>\n\n\n        <\/div>\n\n\n\t\t\t\t<\/div>\n\t\t\t\t<\/div>\n\t\t\t\t\t<\/div>\n\t\t<\/div>\n\t\t\t\t\t<\/div>\n\t\t<\/section>\n\t\t\t\t<\/div>\n\t\t","protected":false},"excerpt":{"rendered":"<p>About Us Illusion Show Incorporated Page OBJETIVO Conseguir la m\u00e1xima satisfacci\u00f3n de nuestros clientes. Mission Brindar a nuestros clientes un evento \u00fanico e inolvidable, adaptado a sus necesidades en base a nuestra experiencia y trabajo en equipo, Vision Ser una empresa l\u00edder, moderna y eficiente, capas de complacer a la perfecci\u00f3n las necesidades de nuestra [&hellip;]<\/p>\n","protected":false},"author":1,"featured_media":0,"parent":0,"menu_order":0,"comment_status":"closed","ping_status":"closed","template":"elementor_header_footer","meta":{"footnotes":""},"class_list":["post-596","page","type-page","status-publish","hentry"],"_links":{"self":[{"href":"https:\/\/illusionshowincorporated.com\/index.php?rest_route=\/wp\/v2\/pages\/596","targetHints":{"allow":["GET"]}}],"collection":[{"href":"https:\/\/illusionshowincorporated.com\/index.php?rest_route=\/wp\/v2\/pages"}],"about":[{"href":"https:\/\/illusionshowincorporated.com\/index.php?rest_route=\/wp\/v2\/types\/page"}],"author":[{"embeddable":true,"href":"https:\/\/illusionshowincorporated.com\/index.php?rest_route=\/wp\/v2\/users\/1"}],"replies":[{"embeddable":true,"href":"https:\/\/illusionshowincorporated.com\/index.php?rest_route=%2Fwp%2Fv2%2Fcomments&post=596"}],"version-history":[{"count":46,"href":"https:\/\/illusionshowincorporated.com\/index.php?rest_route=\/wp\/v2\/pages\/596\/revisions"}],"predecessor-version":[{"id":668,"href":"https:\/\/illusionshowincorporated.com\/index.php?rest_route=\/wp\/v2\/pages\/596\/revisions\/668"}],"wp:attachment":[{"href":"https:\/\/illusionshowincorporated.com\/index.php?rest_route=%2Fwp%2Fv2%2Fmedia&parent=596"}],"curies":[{"name":"wp","href":"https:\/\/api.w.org\/{rel}","templated":true}]}}